{"id":78,"date":"2022-12-29T14:05:09","date_gmt":"2022-12-29T10:05:09","guid":{"rendered":"http:\/\/dev.letamareo.re\/day-spa\/"},"modified":"2024-01-03T11:29:20","modified_gmt":"2024-01-03T07:29:20","slug":"spa","status":"publish","type":"page","link":"https:\/\/letamareo.re\/fr\/spa\/","title":{"rendered":"Spa bien-\u00eatre"},"content":{"rendered":"\t\t<div data-elementor-type=\"wp-page\" data-elementor-id=\"78\" class=\"elementor elementor-78\" data-elementor-post-type=\"page\">\n\t\t\t\t\t\t<section class=\"elementor-section elementor-top-section elementor-element elementor-element-7da35984 elementor-section-height-min-height elementor-section-full_width elementor-section-items-stretch elementor-section-content-middle elementor-section-height-default\" data-id=\"7da35984\" data-element_type=\"section\" data-settings=\"{&quot;background_background&quot;:&quot;classic&quot;}\">\n\t\t\t\t\t\t\t<div class=\"elementor-background-overlay\"><\/div>\n\t\t\t\t\t\t\t<div class=\"elementor-container elementor-column-gap-default\">\n\t\t\t\t\t<div class=\"elementor-column elementor-col-100 elementor-top-column elementor-element elementor-element-43ac4185\" data-id=\"43ac4185\" data-element_type=\"column\">\n\t\t\t<div class=\"elementor-widget-wrap elementor-element-populated\">\n\t\t\t\t\t\t<div class=\"elementor-element elementor-element-2f518899 elementor-widget elementor-widget-heading\" data-id=\"2f518899\" data-element_type=\"widget\" data-widget_type=\"heading.default\">\n\t\t\t\t<div class=\"elementor-widget-container\">\n\t\t\t\t\t<h1 class=\"elementor-heading-title elementor-size-default\">SPA<\/h1>\t\t\t\t<\/div>\n\t\t\t\t<\/div>\n\t\t\t\t<div class=\"elementor-element elementor-element-72bbe0c9 elementor-widget elementor-widget-heading\" data-id=\"72bbe0c9\" data-element_type=\"widget\" data-widget_type=\"heading.default\">\n\t\t\t\t<div class=\"elementor-widget-container\">\n\t\t\t\t\t<h4 class=\"elementor-heading-title elementor-size-default\">Une pause relaxante<\/h4>\t\t\t\t<\/div>\n\t\t\t\t<\/div>\n\t\t\t\t\t<\/div>\n\t\t<\/div>\n\t\t\t\t\t<\/div>\n\t\t<\/section>\n\t\t\t\t<section class=\"elementor-section elementor-top-section elementor-element elementor-element-3ae91ea elementor-section-height-min-height elementor-section-boxed elementor-section-height-default elementor-section-items-middle\" data-id=\"3ae91ea\" data-element_type=\"section\" data-settings=\"{&quot;background_background&quot;:&quot;classic&quot;,&quot;background_motion_fx_motion_fx_scrolling&quot;:&quot;yes&quot;,&quot;background_motion_fx_opacity_effect&quot;:&quot;yes&quot;,&quot;background_motion_fx_opacity_range&quot;:{&quot;unit&quot;:&quot;%&quot;,&quot;size&quot;:&quot;&quot;,&quot;sizes&quot;:{&quot;start&quot;:&quot;0&quot;,&quot;end&quot;:&quot;50&quot;}},&quot;background_motion_fx_scale_effect&quot;:&quot;yes&quot;,&quot;background_motion_fx_scale_direction&quot;:&quot;in-out-in&quot;,&quot;background_motion_fx_scale_speed&quot;:{&quot;unit&quot;:&quot;px&quot;,&quot;size&quot;:&quot;1&quot;,&quot;sizes&quot;:[]},&quot;background_motion_fx_scale_range&quot;:{&quot;unit&quot;:&quot;%&quot;,&quot;size&quot;:&quot;&quot;,&quot;sizes&quot;:{&quot;start&quot;:&quot;27&quot;,&quot;end&quot;:&quot;100&quot;}},&quot;background_motion_fx_opacity_direction&quot;:&quot;out-in&quot;,&quot;background_motion_fx_opacity_level&quot;:{&quot;unit&quot;:&quot;px&quot;,&quot;size&quot;:10,&quot;sizes&quot;:[]},&quot;background_motion_fx_devices&quot;:[&quot;desktop&quot;,&quot;tablet&quot;,&quot;mobile&quot;]}\">\n\t\t\t\t\t\t<div class=\"elementor-container elementor-column-gap-default\">\n\t\t\t\t\t<div class=\"elementor-column elementor-col-100 elementor-top-column elementor-element elementor-element-27cc4358\" data-id=\"27cc4358\" data-element_type=\"column\">\n\t\t\t<div class=\"elementor-widget-wrap elementor-element-populated\">\n\t\t\t\t\t\t<div class=\"elementor-element elementor-element-6f392e72 elementor-widget elementor-widget-heading\" data-id=\"6f392e72\" data-element_type=\"widget\" data-widget_type=\"heading.default\">\n\t\t\t\t<div class=\"elementor-widget-container\">\n\t\t\t\t\t<h2 class=\"elementor-heading-title elementor-size-default\">Bien-\u00eatre<\/h2>\t\t\t\t<\/div>\n\t\t\t\t<\/div>\n\t\t\t\t<div class=\"elementor-element elementor-element-4b4f6be9 elementor-widget elementor-widget-text-editor\" data-id=\"4b4f6be9\" data-element_type=\"widget\" data-widget_type=\"text-editor.default\">\n\t\t\t\t<div class=\"elementor-widget-container\">\n\t\t\t\t\t\t\t\t\t<p>Le Tamar\u00e9o vous invite \u00e0 un v\u00e9ritable moment de d\u00e9tente apr\u00e8s votre longue randonn\u00e9e !<br \/><span style=\"color: var( --e-global-color-text ); letter-spacing: -0.03px; background-color: var( --e-global-color-bd16277 );\"><br \/>Notre \u00e9tablissement dispose d\u2019un coin spa couvert de cinq places en ext\u00e9rieur.<\/span><\/p><p>Entre amoureux ou entre amis, vous pourrez profiter de s\u00e9ances privatives.<br \/><span style=\"color: var( --e-global-color-text ); letter-spacing: -0.03px; background-color: var( --e-global-color-bd16277 );\"><br \/>Nous mettons \u00e0 votre disposition des foutas, pensez n\u00e9anmoins \u00e0 ramener votre maillot de bain.<br \/><\/span><\/p>\t\t\t\t\t\t\t\t<\/div>\n\t\t\t\t<\/div>\n\t\t\t\t\t<\/div>\n\t\t<\/div>\n\t\t\t\t\t<\/div>\n\t\t<\/section>\n\t\t\t\t<section class=\"elementor-section elementor-top-section elementor-element elementor-element-2a22861 elementor-section-height-min-height elementor-section-boxed elementor-section-height-default elementor-section-items-middle\" data-id=\"2a22861\" data-element_type=\"section\" data-settings=\"{&quot;background_background&quot;:&quot;classic&quot;,&quot;background_motion_fx_motion_fx_scrolling&quot;:&quot;yes&quot;,&quot;background_motion_fx_opacity_effect&quot;:&quot;yes&quot;,&quot;background_motion_fx_opacity_range&quot;:{&quot;unit&quot;:&quot;%&quot;,&quot;size&quot;:&quot;&quot;,&quot;sizes&quot;:{&quot;start&quot;:&quot;0&quot;,&quot;end&quot;:&quot;50&quot;}},&quot;background_motion_fx_scale_effect&quot;:&quot;yes&quot;,&quot;background_motion_fx_scale_direction&quot;:&quot;in-out-in&quot;,&quot;background_motion_fx_scale_speed&quot;:{&quot;unit&quot;:&quot;px&quot;,&quot;size&quot;:&quot;1&quot;,&quot;sizes&quot;:[]},&quot;background_motion_fx_scale_range&quot;:{&quot;unit&quot;:&quot;%&quot;,&quot;size&quot;:&quot;&quot;,&quot;sizes&quot;:{&quot;start&quot;:&quot;27&quot;,&quot;end&quot;:&quot;100&quot;}},&quot;background_motion_fx_opacity_direction&quot;:&quot;out-in&quot;,&quot;background_motion_fx_opacity_level&quot;:{&quot;unit&quot;:&quot;px&quot;,&quot;size&quot;:10,&quot;sizes&quot;:[]},&quot;background_motion_fx_devices&quot;:[&quot;desktop&quot;,&quot;tablet&quot;,&quot;mobile&quot;]}\">\n\t\t\t\t\t\t<div class=\"elementor-container elementor-column-gap-default\">\n\t\t\t\t\t<div class=\"elementor-column elementor-col-100 elementor-top-column elementor-element elementor-element-dd6ce9e\" data-id=\"dd6ce9e\" data-element_type=\"column\">\n\t\t\t<div class=\"elementor-widget-wrap elementor-element-populated\">\n\t\t\t\t\t\t<div class=\"elementor-element elementor-element-24280f4 elementor-widget elementor-widget-text-editor\" data-id=\"24280f4\" data-element_type=\"widget\" data-widget_type=\"text-editor.default\">\n\t\t\t\t<div class=\"elementor-widget-container\">\n\t\t\t\t\t\t\t\t\t<p>Les r\u00e9servations s\u2019effectuent uniquement sur place.<\/p>\n<p>&#8211; L\u2019acc\u00e8s au spa est possible pour les clients r\u00e9sidents et ext\u00e9rieurs.<\/p>\n<p>&#8211; Pour des raisons de s\u00e9curit\u00e9, l\u2019entr\u00e9e au spa est r\u00e9serv\u00e9e aux personnes de plus de 18 ans.<\/p>\n<p><span style=\"color: var( --e-global-color-text ); letter-spacing: -0.03px; background-color: var( --e-global-color-bd16277 );\">&#8211; Le spa peut \u00eatre temporairement indisponible pour des raisons de maintenance, traitement et&nbsp;<\/span><span style=\"color: var( --e-global-color-text ); letter-spacing: -0.03px; background-color: var( --e-global-color-bd16277 );\">changement de l\u2019eau.<\/span><\/p>\t\t\t\t\t\t\t\t<\/div>\n\t\t\t\t<\/div>\n\t\t\t\t\t<\/div>\n\t\t<\/div>\n\t\t\t\t\t<\/div>\n\t\t<\/section>\n\t\t\t\t<\/div>\n\t\t","protected":false},"excerpt":{"rendered":"<p>SPA Une pause relaxante Bien-\u00eatre Le Tamar\u00e9o vous invite \u00e0 un v\u00e9ritable moment de d\u00e9tente apr\u00e8s votre longue randonn\u00e9e ! Notre \u00e9tablissement dispose d\u2019un coin spa couvert de cinq places en ext\u00e9rieur. Entre amoureux ou entre amis, vous pourrez profiter de s\u00e9ances privatives. Nous mettons \u00e0 votre disposition des foutas, pensez n\u00e9anmoins \u00e0 ramener votre [&hellip;]<\/p>\n","protected":false},"author":1,"featured_media":301,"parent":0,"menu_order":0,"comment_status":"closed","ping_status":"closed","template":"elementor_header_footer","meta":{"footnotes":""},"class_list":["post-78","page","type-page","status-publish","has-post-thumbnail","hentry"],"yoast_head":"<!-- This site is optimized with the Yoast SEO plugin v27.0 - https:\/\/yoast.com\/product\/yoast-seo-wordpress\/ -->\n<title>Spa bien-\u00eatre - Le Tamareo<\/title>\n<meta name=\"robots\" content=\"index, follow, max-snippet:-1, max-image-preview:large, max-video-preview:-1\" \/>\n<link rel=\"canonical\" href=\"https:\/\/letamareo.re\/fr\/spa\/\" \/>\n<meta property=\"og:locale\" content=\"fr_FR\" \/>\n<meta property=\"og:type\" content=\"article\" \/>\n<meta property=\"og:title\" content=\"Spa bien-\u00eatre - Le Tamareo\" \/>\n<meta property=\"og:description\" content=\"SPA Une pause relaxante Bien-\u00eatre Le Tamar\u00e9o vous invite \u00e0 un v\u00e9ritable moment de d\u00e9tente apr\u00e8s votre longue randonn\u00e9e ! Notre \u00e9tablissement dispose d\u2019un coin spa couvert de cinq places en ext\u00e9rieur. Entre amoureux ou entre amis, vous pourrez profiter de s\u00e9ances privatives. Nous mettons \u00e0 votre disposition des foutas, pensez n\u00e9anmoins \u00e0 ramener votre [&hellip;]\" \/>\n<meta property=\"og:url\" content=\"https:\/\/letamareo.re\/fr\/spa\/\" \/>\n<meta property=\"og:site_name\" content=\"Le Tamareo\" \/>\n<meta property=\"article:publisher\" content=\"https:\/\/www.facebook.com\/LeTamareo\" \/>\n<meta property=\"article:modified_time\" content=\"2024-01-03T07:29:20+00:00\" \/>\n<meta property=\"og:image\" content=\"https:\/\/letamareo.re\/wp-content\/uploads\/2022\/12\/IMG_1201-scaled.jpeg\" \/>\n\t<meta property=\"og:image:width\" content=\"2560\" \/>\n\t<meta property=\"og:image:height\" content=\"1707\" \/>\n\t<meta property=\"og:image:type\" content=\"image\/jpeg\" \/>\n<meta name=\"twitter:card\" content=\"summary_large_image\" \/>\n<meta name=\"twitter:label1\" content=\"Dur\u00e9e de lecture estim\u00e9e\" \/>\n\t<meta name=\"twitter:data1\" content=\"1 minute\" \/>\n<script type=\"application\/ld+json\" class=\"yoast-schema-graph\">{\"@context\":\"https:\/\/schema.org\",\"@graph\":[{\"@type\":\"WebPage\",\"@id\":\"https:\/\/letamareo.re\/spa\/\",\"url\":\"https:\/\/letamareo.re\/spa\/\",\"name\":\"Spa bien-\u00eatre - Le Tamareo\",\"isPartOf\":{\"@id\":\"https:\/\/letamareo.re\/#website\"},\"primaryImageOfPage\":{\"@id\":\"https:\/\/letamareo.re\/spa\/#primaryimage\"},\"image\":{\"@id\":\"https:\/\/letamareo.re\/spa\/#primaryimage\"},\"thumbnailUrl\":\"https:\/\/letamareo.re\/wp-content\/uploads\/2022\/12\/IMG_1201-scaled.jpeg\",\"datePublished\":\"2022-12-29T10:05:09+00:00\",\"dateModified\":\"2024-01-03T07:29:20+00:00\",\"breadcrumb\":{\"@id\":\"https:\/\/letamareo.re\/spa\/#breadcrumb\"},\"inLanguage\":\"fr-FR\",\"potentialAction\":[{\"@type\":\"ReadAction\",\"target\":[\"https:\/\/letamareo.re\/spa\/\"]}]},{\"@type\":\"ImageObject\",\"inLanguage\":\"fr-FR\",\"@id\":\"https:\/\/letamareo.re\/spa\/#primaryimage\",\"url\":\"https:\/\/letamareo.re\/wp-content\/uploads\/2022\/12\/IMG_1201-scaled.jpeg\",\"contentUrl\":\"https:\/\/letamareo.re\/wp-content\/uploads\/2022\/12\/IMG_1201-scaled.jpeg\",\"width\":2560,\"height\":1707},{\"@type\":\"BreadcrumbList\",\"@id\":\"https:\/\/letamareo.re\/spa\/#breadcrumb\",\"itemListElement\":[{\"@type\":\"ListItem\",\"position\":1,\"name\":\"Accueil\",\"item\":\"https:\/\/letamareo.re\/fr\/\"},{\"@type\":\"ListItem\",\"position\":2,\"name\":\"Spa bien-\u00eatre\"}]},{\"@type\":\"WebSite\",\"@id\":\"https:\/\/letamareo.re\/#website\",\"url\":\"https:\/\/letamareo.re\/\",\"name\":\"Le Tamareo\",\"description\":\"\",\"publisher\":{\"@id\":\"https:\/\/letamareo.re\/#organization\"},\"potentialAction\":[{\"@type\":\"SearchAction\",\"target\":{\"@type\":\"EntryPoint\",\"urlTemplate\":\"https:\/\/letamareo.re\/?s={search_term_string}\"},\"query-input\":{\"@type\":\"PropertyValueSpecification\",\"valueRequired\":true,\"valueName\":\"search_term_string\"}}],\"inLanguage\":\"fr-FR\"},{\"@type\":\"Organization\",\"@id\":\"https:\/\/letamareo.re\/#organization\",\"name\":\"Le Tamareo\",\"url\":\"https:\/\/letamareo.re\/\",\"logo\":{\"@type\":\"ImageObject\",\"inLanguage\":\"fr-FR\",\"@id\":\"https:\/\/letamareo.re\/#\/schema\/logo\/image\/\",\"url\":\"https:\/\/letamareo.re\/wp-content\/uploads\/2022\/12\/cropped-LE-TAMAREO-LOGO-2022-SANS-FOND.png\",\"contentUrl\":\"https:\/\/letamareo.re\/wp-content\/uploads\/2022\/12\/cropped-LE-TAMAREO-LOGO-2022-SANS-FOND.png\",\"width\":512,\"height\":512,\"caption\":\"Le Tamareo\"},\"image\":{\"@id\":\"https:\/\/letamareo.re\/#\/schema\/logo\/image\/\"},\"sameAs\":[\"https:\/\/www.facebook.com\/LeTamareo\"]}]}<\/script>\n<!-- \/ Yoast SEO plugin. -->","yoast_head_json":{"title":"Spa bien-\u00eatre - Le Tamareo","robots":{"index":"index","follow":"follow","max-snippet":"max-snippet:-1","max-image-preview":"max-image-preview:large","max-video-preview":"max-video-preview:-1"},"canonical":"https:\/\/letamareo.re\/fr\/spa\/","og_locale":"fr_FR","og_type":"article","og_title":"Spa bien-\u00eatre - Le Tamareo","og_description":"SPA Une pause relaxante Bien-\u00eatre Le Tamar\u00e9o vous invite \u00e0 un v\u00e9ritable moment de d\u00e9tente apr\u00e8s votre longue randonn\u00e9e ! Notre \u00e9tablissement dispose d\u2019un coin spa couvert de cinq places en ext\u00e9rieur. Entre amoureux ou entre amis, vous pourrez profiter de s\u00e9ances privatives. Nous mettons \u00e0 votre disposition des foutas, pensez n\u00e9anmoins \u00e0 ramener votre [&hellip;]","og_url":"https:\/\/letamareo.re\/fr\/spa\/","og_site_name":"Le Tamareo","article_publisher":"https:\/\/www.facebook.com\/LeTamareo","article_modified_time":"2024-01-03T07:29:20+00:00","og_image":[{"width":2560,"height":1707,"url":"https:\/\/letamareo.re\/wp-content\/uploads\/2022\/12\/IMG_1201-scaled.jpeg","type":"image\/jpeg"}],"twitter_card":"summary_large_image","twitter_misc":{"Dur\u00e9e de lecture estim\u00e9e":"1 minute"},"schema":{"@context":"https:\/\/schema.org","@graph":[{"@type":"WebPage","@id":"https:\/\/letamareo.re\/spa\/","url":"https:\/\/letamareo.re\/spa\/","name":"Spa bien-\u00eatre - Le Tamareo","isPartOf":{"@id":"https:\/\/letamareo.re\/#website"},"primaryImageOfPage":{"@id":"https:\/\/letamareo.re\/spa\/#primaryimage"},"image":{"@id":"https:\/\/letamareo.re\/spa\/#primaryimage"},"thumbnailUrl":"https:\/\/letamareo.re\/wp-content\/uploads\/2022\/12\/IMG_1201-scaled.jpeg","datePublished":"2022-12-29T10:05:09+00:00","dateModified":"2024-01-03T07:29:20+00:00","breadcrumb":{"@id":"https:\/\/letamareo.re\/spa\/#breadcrumb"},"inLanguage":"fr-FR","potentialAction":[{"@type":"ReadAction","target":["https:\/\/letamareo.re\/spa\/"]}]},{"@type":"ImageObject","inLanguage":"fr-FR","@id":"https:\/\/letamareo.re\/spa\/#primaryimage","url":"https:\/\/letamareo.re\/wp-content\/uploads\/2022\/12\/IMG_1201-scaled.jpeg","contentUrl":"https:\/\/letamareo.re\/wp-content\/uploads\/2022\/12\/IMG_1201-scaled.jpeg","width":2560,"height":1707},{"@type":"BreadcrumbList","@id":"https:\/\/letamareo.re\/spa\/#breadcrumb","itemListElement":[{"@type":"ListItem","position":1,"name":"Accueil","item":"https:\/\/letamareo.re\/fr\/"},{"@type":"ListItem","position":2,"name":"Spa bien-\u00eatre"}]},{"@type":"WebSite","@id":"https:\/\/letamareo.re\/#website","url":"https:\/\/letamareo.re\/","name":"Le Tamareo","description":"","publisher":{"@id":"https:\/\/letamareo.re\/#organization"},"potentialAction":[{"@type":"SearchAction","target":{"@type":"EntryPoint","urlTemplate":"https:\/\/letamareo.re\/?s={search_term_string}"},"query-input":{"@type":"PropertyValueSpecification","valueRequired":true,"valueName":"search_term_string"}}],"inLanguage":"fr-FR"},{"@type":"Organization","@id":"https:\/\/letamareo.re\/#organization","name":"Le Tamareo","url":"https:\/\/letamareo.re\/","logo":{"@type":"ImageObject","inLanguage":"fr-FR","@id":"https:\/\/letamareo.re\/#\/schema\/logo\/image\/","url":"https:\/\/letamareo.re\/wp-content\/uploads\/2022\/12\/cropped-LE-TAMAREO-LOGO-2022-SANS-FOND.png","contentUrl":"https:\/\/letamareo.re\/wp-content\/uploads\/2022\/12\/cropped-LE-TAMAREO-LOGO-2022-SANS-FOND.png","width":512,"height":512,"caption":"Le Tamareo"},"image":{"@id":"https:\/\/letamareo.re\/#\/schema\/logo\/image\/"},"sameAs":["https:\/\/www.facebook.com\/LeTamareo"]}]}},"_links":{"self":[{"href":"https:\/\/letamareo.re\/fr\/wp-json\/wp\/v2\/pages\/78","targetHints":{"allow":["GET"]}}],"collection":[{"href":"https:\/\/letamareo.re\/fr\/wp-json\/wp\/v2\/pages"}],"about":[{"href":"https:\/\/letamareo.re\/fr\/wp-json\/wp\/v2\/types\/page"}],"author":[{"embeddable":true,"href":"https:\/\/letamareo.re\/fr\/wp-json\/wp\/v2\/users\/1"}],"replies":[{"embeddable":true,"href":"https:\/\/letamareo.re\/fr\/wp-json\/wp\/v2\/comments?post=78"}],"version-history":[{"count":0,"href":"https:\/\/letamareo.re\/fr\/wp-json\/wp\/v2\/pages\/78\/revisions"}],"wp:featuredmedia":[{"embeddable":true,"href":"https:\/\/letamareo.re\/fr\/wp-json\/wp\/v2\/media\/301"}],"wp:attachment":[{"href":"https:\/\/letamareo.re\/fr\/wp-json\/wp\/v2\/media?parent=78"}],"curies":[{"name":"wp","href":"https:\/\/api.w.org\/{rel}","templated":true}]}}