{"id":470,"date":"2023-01-02T12:00:41","date_gmt":"2023-01-02T08:00:41","guid":{"rendered":"http:\/\/dev.letamareo.re\/?page_id=470"},"modified":"2024-01-03T11:26:58","modified_gmt":"2024-01-03T07:26:58","slug":"galerie","status":"publish","type":"page","link":"https:\/\/letamareo.re\/en\/galerie\/","title":{"rendered":"Galerie"},"content":{"rendered":"<div data-elementor-type=\"wp-page\" data-elementor-id=\"470\" class=\"elementor elementor-470\" data-elementor-post-type=\"page\">\n\t\t\t\t\t\t<section class=\"elementor-section elementor-top-section elementor-element elementor-element-56a2064f elementor-section-height-min-height elementor-section-full_width elementor-section-items-stretch elementor-section-content-middle elementor-section-height-default\" data-id=\"56a2064f\" data-element_type=\"section\" data-settings=\"{&quot;background_background&quot;:&quot;classic&quot;}\">\n\t\t\t\t\t\t\t<div class=\"elementor-background-overlay\"><\/div>\n\t\t\t\t\t\t\t<div class=\"elementor-container elementor-column-gap-default\">\n\t\t\t\t\t<div class=\"elementor-column elementor-col-100 elementor-top-column elementor-element elementor-element-61a8680a\" data-id=\"61a8680a\" data-element_type=\"column\">\n\t\t\t<div class=\"elementor-widget-wrap elementor-element-populated\">\n\t\t\t\t\t\t<div class=\"elementor-element elementor-element-9aa1d03 elementor-widget elementor-widget-heading\" data-id=\"9aa1d03\" data-element_type=\"widget\" data-widget_type=\"heading.default\">\n\t\t\t\t<div class=\"elementor-widget-container\">\n\t\t\t\t\t<h1 class=\"elementor-heading-title elementor-size-default\">Galerie<\/h1>\t\t\t\t<\/div>\n\t\t\t\t<\/div>\n\t\t\t\t\t<\/div>\n\t\t<\/div>\n\t\t\t\t\t<\/div>\n\t\t<\/section>\n\t\t\t\t<section class=\"elementor-section elementor-top-section elementor-element elementor-element-75fc6bb7 elementor-section-content-middle elementor-section-boxed elementor-section-height-default elementor-section-height-default\" data-id=\"75fc6bb7\" data-element_type=\"section\">\n\t\t\t\t\t\t<div class=\"elementor-container elementor-column-gap-no\">\n\t\t\t\t\t<div class=\"elementor-column elementor-col-100 elementor-top-column elementor-element elementor-element-5f3af2e6\" data-id=\"5f3af2e6\" data-element_type=\"column\">\n\t\t\t<div class=\"elementor-widget-wrap elementor-element-populated\">\n\t\t\t\t\t\t<div class=\"elementor-element elementor-element-3cca5881 elementor-widget elementor-widget-heading\" data-id=\"3cca5881\" data-element_type=\"widget\" data-widget_type=\"heading.default\">\n\t\t\t\t<div class=\"elementor-widget-container\">\n\t\t\t\t\t<h4 class=\"elementor-heading-title elementor-size-default\">Visit of Tamar\u00e9o in pictures<\/h4>\t\t\t\t<\/div>\n\t\t\t\t<\/div>\n\t\t\t\t<div class=\"elementor-element elementor-element-14dc48ef elementor-skin-slideshow elementor-arrows-yes elementor-widget elementor-widget-media-carousel\" data-id=\"14dc48ef\" data-element_type=\"widget\" data-settings=\"{&quot;space_between&quot;:{&quot;unit&quot;:&quot;px&quot;,&quot;size&quot;:29,&quot;sizes&quot;:[]},&quot;skin&quot;:&quot;slideshow&quot;,&quot;effect&quot;:&quot;slide&quot;,&quot;show_arrows&quot;:&quot;yes&quot;,&quot;speed&quot;:500,&quot;autoplay&quot;:&quot;yes&quot;,&quot;autoplay_speed&quot;:5000,&quot;loop&quot;:&quot;yes&quot;,&quot;pause_on_hover&quot;:&quot;yes&quot;,&quot;pause_on_interaction&quot;:&quot;yes&quot;,&quot;space_between_tablet&quot;:{&quot;unit&quot;:&quot;px&quot;,&quot;size&quot;:10,&quot;sizes&quot;:[]},&quot;space_between_mobile&quot;:{&quot;unit&quot;:&quot;px&quot;,&quot;size&quot;:10,&quot;sizes&quot;:[]}}\" data-widget_type=\"media-carousel.default\">\n\t\t\t\t<div class=\"elementor-widget-container\">\n\t\t\t\t\t\t\t\t\t<div class=\"elementor-swiper\">\n\t\t\t\t\t<div class=\"elementor-main-swiper swiper\" role=\"region\" aria-roledescription=\"carousel\" aria-label=\"Diapositives\">\n\t\t\t\t<div class=\"swiper-wrapper\">\n\t\t\t\t\t\t\t\t\t\t\t<div class=\"swiper-slide\" role=\"group\" aria-roledescription=\"slide\">\n\t\t\t\t\t\t\t\t\t<div class=\"elementor-carousel-image\" role=\"img\" aria-label=\"Background\" style=\"background-image: url(&#039;https:\/\/letamareo.re\/wp-content\/uploads\/2022\/12\/IMG_1208-scaled.jpeg&#039;)\">\n\n\t\t\t\n\t\t\t\t\t<\/div>\n\t\t\t\t\t\t\t\t<\/div>\n\t\t\t\t\t\t\t\t\t\t\t<div class=\"swiper-slide\" role=\"group\" aria-roledescription=\"slide\">\n\t\t\t\t\t\t\t\t\t<div class=\"elementor-carousel-image\" role=\"img\" aria-label=\"IMG_1214\" style=\"background-image: url(&#039;https:\/\/letamareo.re\/wp-content\/uploads\/2022\/12\/IMG_1214-scaled.jpeg&#039;)\">\n\n\t\t\t\n\t\t\t\t\t<\/div>\n\t\t\t\t\t\t\t\t<\/div>\n\t\t\t\t\t\t\t\t\t\t\t<div class=\"swiper-slide\" role=\"group\" aria-roledescription=\"slide\">\n\t\t\t\t\t\t\t\t\t<div class=\"elementor-carousel-image\" role=\"img\" aria-label=\"IMG_1173\" style=\"background-image: url(&#039;https:\/\/letamareo.re\/wp-content\/uploads\/2022\/12\/IMG_1173-scaled.jpeg&#039;)\">\n\n\t\t\t\n\t\t\t\t\t<\/div>\n\t\t\t\t\t\t\t\t<\/div>\n\t\t\t\t\t\t\t\t\t\t\t<div class=\"swiper-slide\" role=\"group\" aria-roledescription=\"slide\">\n\t\t\t\t\t\t\t\t\t<div class=\"elementor-carousel-image\" role=\"img\" aria-label=\"IMG_1238\" style=\"background-image: url(&#039;https:\/\/letamareo.re\/wp-content\/uploads\/2022\/12\/IMG_1238-scaled.jpeg&#039;)\">\n\n\t\t\t\n\t\t\t\t\t<\/div>\n\t\t\t\t\t\t\t\t<\/div>\n\t\t\t\t\t\t\t\t\t\t\t<div class=\"swiper-slide\" role=\"group\" aria-roledescription=\"slide\">\n\t\t\t\t\t\t\t\t\t<div class=\"elementor-carousel-image\" role=\"img\" aria-label=\"IMG_0392\" style=\"background-image: url(&#039;https:\/\/letamareo.re\/wp-content\/uploads\/2022\/12\/IMG_0392-1-scaled.jpeg&#039;)\">\n\n\t\t\t\n\t\t\t\t\t<\/div>\n\t\t\t\t\t\t\t\t<\/div>\n\t\t\t\t\t\t\t\t\t\t\t<div class=\"swiper-slide\" role=\"group\" aria-roledescription=\"slide\">\n\t\t\t\t\t\t\t\t\t<div class=\"elementor-carousel-image\" role=\"img\" aria-label=\"IMG_7991\" style=\"background-image: url(&#039;https:\/\/letamareo.re\/wp-content\/uploads\/2022\/12\/IMG_7991.jpeg&#039;)\">\n\n\t\t\t\n\t\t\t\t\t<\/div>\n\t\t\t\t\t\t\t\t<\/div>\n\t\t\t\t\t\t\t\t\t\t\t<div class=\"swiper-slide\" role=\"group\" aria-roledescription=\"slide\">\n\t\t\t\t\t\t\t\t\t<div class=\"elementor-carousel-image\" role=\"img\" aria-label=\"IMG_7983\" style=\"background-image: url(&#039;https:\/\/letamareo.re\/wp-content\/uploads\/2023\/01\/IMG_7983.jpeg&#039;)\">\n\n\t\t\t\n\t\t\t\t\t<\/div>\n\t\t\t\t\t\t\t\t<\/div>\n\t\t\t\t\t\t\t\t\t\t\t<div class=\"swiper-slide\" role=\"group\" aria-roledescription=\"slide\">\n\t\t\t\t\t\t\t\t\t<div class=\"elementor-carousel-image\" role=\"img\" aria-label=\"IMG_1465\" style=\"background-image: url(&#039;https:\/\/letamareo.re\/wp-content\/uploads\/2023\/01\/IMG_1465-scaled.jpeg&#039;)\">\n\n\t\t\t\n\t\t\t\t\t<\/div>\n\t\t\t\t\t\t\t\t<\/div>\n\t\t\t\t\t\t\t\t\t\t\t<div class=\"swiper-slide\" role=\"group\" aria-roledescription=\"slide\">\n\t\t\t\t\t\t\t\t\t<div class=\"elementor-carousel-image\" role=\"img\" aria-label=\"IMG_1498\" style=\"background-image: url(&#039;https:\/\/letamareo.re\/wp-content\/uploads\/2023\/01\/IMG_1498-scaled.jpeg&#039;)\">\n\n\t\t\t\n\t\t\t\t\t<\/div>\n\t\t\t\t\t\t\t\t<\/div>\n\t\t\t\t\t\t\t\t\t\t\t<div class=\"swiper-slide\" role=\"group\" aria-roledescription=\"slide\">\n\t\t\t\t\t\t\t\t\t<div class=\"elementor-carousel-image\" role=\"img\" aria-label=\"IMG_1523\" style=\"background-image: url(&#039;https:\/\/letamareo.re\/wp-content\/uploads\/2023\/01\/IMG_1523-scaled.jpeg&#039;)\">\n\n\t\t\t\n\t\t\t\t\t<\/div>\n\t\t\t\t\t\t\t\t<\/div>\n\t\t\t\t\t\t\t\t\t<\/div>\n\t\t\t\t\t\t\t\t\t\t\t\t\t\t\t<div class=\"elementor-swiper-button elementor-swiper-button-prev\" role=\"button\" tabindex=\"0\" aria-label=\"Pr\u00e9c\u00e9dent\">\n\t\t\t\t\t\t\t<i aria-hidden=\"true\" class=\"eicon-chevron-left\"><\/i>\t\t\t\t\t\t<\/div>\n\t\t\t\t\t\t<div class=\"elementor-swiper-button elementor-swiper-button-next\" role=\"button\" tabindex=\"0\" aria-label=\"Suivant\">\n\t\t\t\t\t\t\t<i aria-hidden=\"true\" class=\"eicon-chevron-right\"><\/i>\t\t\t\t\t\t<\/div>\n\t\t\t\t\t\t\t\t\t\t\t\t\t\t\t\t\t<\/div>\n\t\t\t\t<\/div>\n\t\t\t\t\t\t\t\t<div class=\"elementor-swiper\">\n\t\t\t\t\t<div class=\"elementor-main-swiper swiper elementor-thumbnails-swiper swiper\" role=\"region region\" aria-roledescription=\"carousel carousel\" aria-label=\"Diapositives Diapositives\">\n\t\t\t\t<div class=\"swiper-wrapper\">\n\t\t\t\t\t\t\t\t\t\t\t<div class=\"swiper-slide\" role=\"group\" aria-roledescription=\"slide\">\n\t\t\t\t\t\t\t\t\t<div class=\"elementor-carousel-image\" role=\"img\" aria-label=\"Background\" style=\"background-image: url(&#039;https:\/\/letamareo.re\/wp-content\/uploads\/2022\/12\/IMG_1208-scaled.jpeg&#039;)\">\n\n\t\t\t\n\t\t\t\t\t<\/div>\n\t\t\t\t\t\t\t\t<\/div>\n\t\t\t\t\t\t\t\t\t\t\t<div class=\"swiper-slide\" role=\"group\" aria-roledescription=\"slide\">\n\t\t\t\t\t\t\t\t\t<div class=\"elementor-carousel-image\" role=\"img\" aria-label=\"IMG_1214\" style=\"background-image: url(&#039;https:\/\/letamareo.re\/wp-content\/uploads\/2022\/12\/IMG_1214-scaled.jpeg&#039;)\">\n\n\t\t\t\n\t\t\t\t\t<\/div>\n\t\t\t\t\t\t\t\t<\/div>\n\t\t\t\t\t\t\t\t\t\t\t<div class=\"swiper-slide\" role=\"group\" aria-roledescription=\"slide\">\n\t\t\t\t\t\t\t\t\t<div class=\"elementor-carousel-image\" role=\"img\" aria-label=\"IMG_1173\" style=\"background-image: url(&#039;https:\/\/letamareo.re\/wp-content\/uploads\/2022\/12\/IMG_1173-scaled.jpeg&#039;)\">\n\n\t\t\t\n\t\t\t\t\t<\/div>\n\t\t\t\t\t\t\t\t<\/div>\n\t\t\t\t\t\t\t\t\t\t\t<div class=\"swiper-slide\" role=\"group\" aria-roledescription=\"slide\">\n\t\t\t\t\t\t\t\t\t<div class=\"elementor-carousel-image\" role=\"img\" aria-label=\"IMG_1238\" style=\"background-image: url(&#039;https:\/\/letamareo.re\/wp-content\/uploads\/2022\/12\/IMG_1238-scaled.jpeg&#039;)\">\n\n\t\t\t\n\t\t\t\t\t<\/div>\n\t\t\t\t\t\t\t\t<\/div>\n\t\t\t\t\t\t\t\t\t\t\t<div class=\"swiper-slide\" role=\"group\" aria-roledescription=\"slide\">\n\t\t\t\t\t\t\t\t\t<div class=\"elementor-carousel-image\" role=\"img\" aria-label=\"IMG_0392\" style=\"background-image: url(&#039;https:\/\/letamareo.re\/wp-content\/uploads\/2022\/12\/IMG_0392-1-scaled.jpeg&#039;)\">\n\n\t\t\t\n\t\t\t\t\t<\/div>\n\t\t\t\t\t\t\t\t<\/div>\n\t\t\t\t\t\t\t\t\t\t\t<div class=\"swiper-slide\" role=\"group\" aria-roledescription=\"slide\">\n\t\t\t\t\t\t\t\t\t<div class=\"elementor-carousel-image\" role=\"img\" aria-label=\"IMG_7991\" style=\"background-image: url(&#039;https:\/\/letamareo.re\/wp-content\/uploads\/2022\/12\/IMG_7991.jpeg&#039;)\">\n\n\t\t\t\n\t\t\t\t\t<\/div>\n\t\t\t\t\t\t\t\t<\/div>\n\t\t\t\t\t\t\t\t\t\t\t<div class=\"swiper-slide\" role=\"group\" aria-roledescription=\"slide\">\n\t\t\t\t\t\t\t\t\t<div class=\"elementor-carousel-image\" role=\"img\" aria-label=\"IMG_7983\" style=\"background-image: url(&#039;https:\/\/letamareo.re\/wp-content\/uploads\/2023\/01\/IMG_7983.jpeg&#039;)\">\n\n\t\t\t\n\t\t\t\t\t<\/div>\n\t\t\t\t\t\t\t\t<\/div>\n\t\t\t\t\t\t\t\t\t\t\t<div class=\"swiper-slide\" role=\"group\" aria-roledescription=\"slide\">\n\t\t\t\t\t\t\t\t\t<div class=\"elementor-carousel-image\" role=\"img\" aria-label=\"IMG_1465\" style=\"background-image: url(&#039;https:\/\/letamareo.re\/wp-content\/uploads\/2023\/01\/IMG_1465-scaled.jpeg&#039;)\">\n\n\t\t\t\n\t\t\t\t\t<\/div>\n\t\t\t\t\t\t\t\t<\/div>\n\t\t\t\t\t\t\t\t\t\t\t<div class=\"swiper-slide\" role=\"group\" aria-roledescription=\"slide\">\n\t\t\t\t\t\t\t\t\t<div class=\"elementor-carousel-image\" role=\"img\" aria-label=\"IMG_1498\" style=\"background-image: url(&#039;https:\/\/letamareo.re\/wp-content\/uploads\/2023\/01\/IMG_1498-scaled.jpeg&#039;)\">\n\n\t\t\t\n\t\t\t\t\t<\/div>\n\t\t\t\t\t\t\t\t<\/div>\n\t\t\t\t\t\t\t\t\t\t\t<div class=\"swiper-slide\" role=\"group\" aria-roledescription=\"slide\">\n\t\t\t\t\t\t\t\t\t<div class=\"elementor-carousel-image\" role=\"img\" aria-label=\"IMG_1523\" style=\"background-image: url(&#039;https:\/\/letamareo.re\/wp-content\/uploads\/2023\/01\/IMG_1523-scaled.jpeg&#039;)\">\n\n\t\t\t\n\t\t\t\t\t<\/div>\n\t\t\t\t\t\t\t\t<\/div>\n\t\t\t\t\t\t\t\t\t<\/div>\n\t\t\t\t\t\t\t\t\t\t\t\t\t\t\t\t\t\t\t\t\t<\/div>\n\t\t\t\t<\/div>\n\t\t\t\t\t\t\t\t<\/div>\n\t\t\t\t<\/div>\n\t\t\t\t\t<\/div>\n\t\t<\/div>\n\t\t\t\t\t<\/div>\n\t\t<\/section>\n\t\t\t\t<\/div>","protected":false},"excerpt":{"rendered":"<p>Galerie Visite du Tamar\u00e9o Pr\u00e9c\u00e9dent Suivant<\/p>","protected":false},"author":1,"featured_media":241,"parent":0,"menu_order":0,"comment_status":"closed","ping_status":"closed","template":"elementor_header_footer","meta":{"footnotes":""},"class_list":["post-470","page","type-page","status-publish","has-post-thumbnail","hentry"],"yoast_head":"<!-- This site is optimized with the Yoast SEO plugin v27.0 - https:\/\/yoast.com\/product\/yoast-seo-wordpress\/ -->\n<title>Galerie - Le Tamareo<\/title>\n<meta name=\"robots\" content=\"index, follow, max-snippet:-1, max-image-preview:large, max-video-preview:-1\" \/>\n<link rel=\"canonical\" href=\"https:\/\/letamareo.re\/en\/galerie\/\" \/>\n<meta property=\"og:locale\" content=\"en_US\" \/>\n<meta property=\"og:type\" content=\"article\" \/>\n<meta property=\"og:title\" content=\"Galerie - Le Tamareo\" \/>\n<meta property=\"og:description\" content=\"Galerie Visite du Tamar\u00e9o Pr\u00e9c\u00e9dent Suivant\" \/>\n<meta property=\"og:url\" content=\"https:\/\/letamareo.re\/en\/galerie\/\" \/>\n<meta property=\"og:site_name\" content=\"Le Tamareo\" \/>\n<meta property=\"article:publisher\" content=\"https:\/\/www.facebook.com\/LeTamareo\" \/>\n<meta property=\"article:modified_time\" content=\"2024-01-03T07:26:58+00:00\" \/>\n<meta property=\"og:image\" content=\"https:\/\/letamareo.re\/wp-content\/uploads\/2022\/12\/IMG_1189-scaled.jpeg\" \/>\n\t<meta property=\"og:image:width\" content=\"2560\" \/>\n\t<meta property=\"og:image:height\" content=\"1707\" \/>\n\t<meta property=\"og:image:type\" content=\"image\/jpeg\" \/>\n<meta name=\"twitter:card\" content=\"summary_large_image\" \/>\n<meta name=\"twitter:label1\" content=\"Est. reading time\" \/>\n\t<meta name=\"twitter:data1\" content=\"1 minute\" \/>\n<script type=\"application\/ld+json\" class=\"yoast-schema-graph\">{\"@context\":\"https:\/\/schema.org\",\"@graph\":[{\"@type\":\"WebPage\",\"@id\":\"https:\/\/letamareo.re\/fr\/galerie\/\",\"url\":\"https:\/\/letamareo.re\/fr\/galerie\/\",\"name\":\"Galerie - Le Tamareo\",\"isPartOf\":{\"@id\":\"https:\/\/letamareo.re\/#website\"},\"primaryImageOfPage\":{\"@id\":\"https:\/\/letamareo.re\/fr\/galerie\/#primaryimage\"},\"image\":{\"@id\":\"https:\/\/letamareo.re\/fr\/galerie\/#primaryimage\"},\"thumbnailUrl\":\"https:\/\/letamareo.re\/wp-content\/uploads\/2022\/12\/IMG_1189-scaled.jpeg\",\"datePublished\":\"2023-01-02T08:00:41+00:00\",\"dateModified\":\"2024-01-03T07:26:58+00:00\",\"breadcrumb\":{\"@id\":\"https:\/\/letamareo.re\/fr\/galerie\/#breadcrumb\"},\"inLanguage\":\"en-US\",\"potentialAction\":[{\"@type\":\"ReadAction\",\"target\":[\"https:\/\/letamareo.re\/fr\/galerie\/\"]}]},{\"@type\":\"ImageObject\",\"inLanguage\":\"en-US\",\"@id\":\"https:\/\/letamareo.re\/fr\/galerie\/#primaryimage\",\"url\":\"https:\/\/letamareo.re\/wp-content\/uploads\/2022\/12\/IMG_1189-scaled.jpeg\",\"contentUrl\":\"https:\/\/letamareo.re\/wp-content\/uploads\/2022\/12\/IMG_1189-scaled.jpeg\",\"width\":2560,\"height\":1707},{\"@type\":\"BreadcrumbList\",\"@id\":\"https:\/\/letamareo.re\/fr\/galerie\/#breadcrumb\",\"itemListElement\":[{\"@type\":\"ListItem\",\"position\":1,\"name\":\"Accueil\",\"item\":\"https:\/\/letamareo.re\/fr\/\"},{\"@type\":\"ListItem\",\"position\":2,\"name\":\"Galerie\"}]},{\"@type\":\"WebSite\",\"@id\":\"https:\/\/letamareo.re\/#website\",\"url\":\"https:\/\/letamareo.re\/\",\"name\":\"Le Tamareo\",\"description\":\"\",\"publisher\":{\"@id\":\"https:\/\/letamareo.re\/#organization\"},\"potentialAction\":[{\"@type\":\"SearchAction\",\"target\":{\"@type\":\"EntryPoint\",\"urlTemplate\":\"https:\/\/letamareo.re\/?s={search_term_string}\"},\"query-input\":{\"@type\":\"PropertyValueSpecification\",\"valueRequired\":true,\"valueName\":\"search_term_string\"}}],\"inLanguage\":\"en-US\"},{\"@type\":\"Organization\",\"@id\":\"https:\/\/letamareo.re\/#organization\",\"name\":\"Le Tamareo\",\"url\":\"https:\/\/letamareo.re\/\",\"logo\":{\"@type\":\"ImageObject\",\"inLanguage\":\"en-US\",\"@id\":\"https:\/\/letamareo.re\/#\/schema\/logo\/image\/\",\"url\":\"https:\/\/letamareo.re\/wp-content\/uploads\/2022\/12\/cropped-LE-TAMAREO-LOGO-2022-SANS-FOND.png\",\"contentUrl\":\"https:\/\/letamareo.re\/wp-content\/uploads\/2022\/12\/cropped-LE-TAMAREO-LOGO-2022-SANS-FOND.png\",\"width\":512,\"height\":512,\"caption\":\"Le Tamareo\"},\"image\":{\"@id\":\"https:\/\/letamareo.re\/#\/schema\/logo\/image\/\"},\"sameAs\":[\"https:\/\/www.facebook.com\/LeTamareo\"]}]}<\/script>\n<!-- \/ Yoast SEO plugin. -->","yoast_head_json":{"title":"Galerie - Le Tamareo","robots":{"index":"index","follow":"follow","max-snippet":"max-snippet:-1","max-image-preview":"max-image-preview:large","max-video-preview":"max-video-preview:-1"},"canonical":"https:\/\/letamareo.re\/en\/galerie\/","og_locale":"en_US","og_type":"article","og_title":"Galerie - Le Tamareo","og_description":"Galerie Visite du Tamar\u00e9o Pr\u00e9c\u00e9dent Suivant","og_url":"https:\/\/letamareo.re\/en\/galerie\/","og_site_name":"Le Tamareo","article_publisher":"https:\/\/www.facebook.com\/LeTamareo","article_modified_time":"2024-01-03T07:26:58+00:00","og_image":[{"width":2560,"height":1707,"url":"https:\/\/letamareo.re\/wp-content\/uploads\/2022\/12\/IMG_1189-scaled.jpeg","type":"image\/jpeg"}],"twitter_card":"summary_large_image","twitter_misc":{"Est. reading time":"1 minute"},"schema":{"@context":"https:\/\/schema.org","@graph":[{"@type":"WebPage","@id":"https:\/\/letamareo.re\/fr\/galerie\/","url":"https:\/\/letamareo.re\/fr\/galerie\/","name":"Galerie - Le Tamareo","isPartOf":{"@id":"https:\/\/letamareo.re\/#website"},"primaryImageOfPage":{"@id":"https:\/\/letamareo.re\/fr\/galerie\/#primaryimage"},"image":{"@id":"https:\/\/letamareo.re\/fr\/galerie\/#primaryimage"},"thumbnailUrl":"https:\/\/letamareo.re\/wp-content\/uploads\/2022\/12\/IMG_1189-scaled.jpeg","datePublished":"2023-01-02T08:00:41+00:00","dateModified":"2024-01-03T07:26:58+00:00","breadcrumb":{"@id":"https:\/\/letamareo.re\/fr\/galerie\/#breadcrumb"},"inLanguage":"en-US","potentialAction":[{"@type":"ReadAction","target":["https:\/\/letamareo.re\/fr\/galerie\/"]}]},{"@type":"ImageObject","inLanguage":"en-US","@id":"https:\/\/letamareo.re\/fr\/galerie\/#primaryimage","url":"https:\/\/letamareo.re\/wp-content\/uploads\/2022\/12\/IMG_1189-scaled.jpeg","contentUrl":"https:\/\/letamareo.re\/wp-content\/uploads\/2022\/12\/IMG_1189-scaled.jpeg","width":2560,"height":1707},{"@type":"BreadcrumbList","@id":"https:\/\/letamareo.re\/fr\/galerie\/#breadcrumb","itemListElement":[{"@type":"ListItem","position":1,"name":"Accueil","item":"https:\/\/letamareo.re\/fr\/"},{"@type":"ListItem","position":2,"name":"Galerie"}]},{"@type":"WebSite","@id":"https:\/\/letamareo.re\/#website","url":"https:\/\/letamareo.re\/","name":"Le Tamareo","description":"","publisher":{"@id":"https:\/\/letamareo.re\/#organization"},"potentialAction":[{"@type":"SearchAction","target":{"@type":"EntryPoint","urlTemplate":"https:\/\/letamareo.re\/?s={search_term_string}"},"query-input":{"@type":"PropertyValueSpecification","valueRequired":true,"valueName":"search_term_string"}}],"inLanguage":"en-US"},{"@type":"Organization","@id":"https:\/\/letamareo.re\/#organization","name":"Le Tamareo","url":"https:\/\/letamareo.re\/","logo":{"@type":"ImageObject","inLanguage":"en-US","@id":"https:\/\/letamareo.re\/#\/schema\/logo\/image\/","url":"https:\/\/letamareo.re\/wp-content\/uploads\/2022\/12\/cropped-LE-TAMAREO-LOGO-2022-SANS-FOND.png","contentUrl":"https:\/\/letamareo.re\/wp-content\/uploads\/2022\/12\/cropped-LE-TAMAREO-LOGO-2022-SANS-FOND.png","width":512,"height":512,"caption":"Le Tamareo"},"image":{"@id":"https:\/\/letamareo.re\/#\/schema\/logo\/image\/"},"sameAs":["https:\/\/www.facebook.com\/LeTamareo"]}]}},"_links":{"self":[{"href":"https:\/\/letamareo.re\/en\/wp-json\/wp\/v2\/pages\/470","targetHints":{"allow":["GET"]}}],"collection":[{"href":"https:\/\/letamareo.re\/en\/wp-json\/wp\/v2\/pages"}],"about":[{"href":"https:\/\/letamareo.re\/en\/wp-json\/wp\/v2\/types\/page"}],"author":[{"embeddable":true,"href":"https:\/\/letamareo.re\/en\/wp-json\/wp\/v2\/users\/1"}],"replies":[{"embeddable":true,"href":"https:\/\/letamareo.re\/en\/wp-json\/wp\/v2\/comments?post=470"}],"version-history":[{"count":0,"href":"https:\/\/letamareo.re\/en\/wp-json\/wp\/v2\/pages\/470\/revisions"}],"wp:featuredmedia":[{"embeddable":true,"href":"https:\/\/letamareo.re\/en\/wp-json\/wp\/v2\/media\/241"}],"wp:attachment":[{"href":"https:\/\/letamareo.re\/en\/wp-json\/wp\/v2\/media?parent=470"}],"curies":[{"name":"wp","href":"https:\/\/api.w.org\/{rel}","templated":true}]}}